{"id":437,"date":"2025-02-24T08:53:16","date_gmt":"2025-02-24T08:53:16","guid":{"rendered":"https:\/\/rotor-vent.com\/?page_id=437"},"modified":"2025-02-24T08:53:35","modified_gmt":"2025-02-24T08:53:35","slug":"polityka-cookies","status":"publish","type":"page","link":"https:\/\/rotor-vent.com\/cs\/polityka-cookies\/","title":{"rendered":"Z\u00e1sady pou\u017e\u00edv\u00e1n\u00ed soubor\u016f cookie"},"content":{"rendered":"<p>Soubory cookie pou\u017e\u00edv\u00e1me, abychom zlep\u0161ili efektivitu a nab\u00eddli v\u00e1m st\u00e1le lep\u0161\u00ed funkce webov\u00fdch str\u00e1nek.&nbsp;<strong>www.rotor-vent.com<\/strong>&nbsp;(dalej jako Serwis) oraz&nbsp;bardziej dopasowanych do&nbsp;U\u017cytkownika tre\u015bci. W&nbsp;celu zapewnienia przejrzysto\u015bci dzia\u0142a\u0144 zostaje przyj\u0119ta niniejsza Polityka Cookies, kt\u00f3ra okre\u015bla szczeg\u00f3\u0142owe zasady korzystania przez Serwis internetowy z&nbsp;plik\u00f3w cookies.<\/p>\n\n\n\n<p>Dane za&nbsp;pomoc\u0105 plik\u00f3w cookies gromadzone s\u0105 przez&nbsp;<strong>\u201eSPOLE\u010cNOST S RU\u010cEN\u00cdM OMEZEN\u00ddM \u201dROTOR-VENT\"<\/strong>, adresa&nbsp;<strong>Batalion\u00f3w Ch\u0142opskich 8, 83-000&nbsp;<\/strong><strong>Pruszcz Gda\u0144ski<\/strong>, NIP \u010d:&nbsp;<strong>6040200576<\/strong>, \u010d\u00edslo REGON:&nbsp;<strong>369978866<\/strong>. W&nbsp;przypadku stwierdzenia, \u017ce dane zawarte w&nbsp;plikach cookies s\u0105 danymi osobowymi&nbsp;<strong>\u201eSPOLE\u010cNOST S RU\u010cEN\u00cdM OMEZEN\u00ddM \u201dROTOR-VENT\"<\/strong>&nbsp;je pova\u017eov\u00e1n za spr\u00e1vce \u00fadaj\u016f a u\u017eivatel m\u00e1 v\u0161echna pr\u00e1va obsa\u017een\u00e1 v t\u011bchto podm\u00ednk\u00e1ch.&nbsp;<a href=\"https:\/\/rotor-vent.com\/cs\/polityka-prywatnosci\/\" target=\"_blank\" rel=\"noreferrer noopener\">Z\u00e1sady ochrany osobn\u00edch \u00fadaj\u016f<\/a>.<\/p>\n\n\n\n<p>U\u017cytkownikiem jest ka\u017cda osoba, kt\u00f3rej dane dotycz\u0105, korzystaj\u0105ca z&nbsp;naszego Serwisu internetowego oraz&nbsp;innych powi\u0105zanych z&nbsp;nim witryn, komunikacji oraz&nbsp;us\u0142ug (dalej jako&nbsp;<em>U\u017eivatel<\/em>).<\/p>\n\n\n\n<ol class=\"wp-block-list\">\n<li>PLIKI COOKIESPliki cookies (\u201eciasteczka\u201d) to\u00a0fragmenty kodu, kt\u00f3re s\u0105 plikami tekstowymi odpowiadaj\u0105cymi zapytaniom HTTP kierowanym do\u00a0naszego serwera. Pliki te zapisywane s\u0105 przez ka\u017cd\u0105 przegl\u0105dark\u0119, z\u00a0kt\u00f3rej U\u017cytkownik odwiedza nasz\u00a0Serwis. Dzi\u0119ki informacjom zawartym w\u00a0plikach cookies wiemy, w\u00a0jaki spos\u00f3b U\u017cytkownicy korzystaj\u0105 z\u00a0naszego Serwisu.Pliki cookies s\u0142u\u017c\u0105 nam do\u00a0zapewnienia optymalnej obs\u0142ugi wizyty U\u017cytkownika w\u00a0Serwisie oraz\u00a0umo\u017cliwiaj\u0105 szybszy i\u00a0\u0142atwiejszy dost\u0119p do\u00a0informacji, a\u00a0tak\u017ce w\u00a0celu zaproponowania U\u017cytkownikowi coraz doskonalszych funkcjonalno\u015bci Serwisu internetowego oraz\u00a0bardziej dopasowanych do\u00a0U\u017cytkownika tre\u015bci.Przechowywana informacja lub\u00a0uzyskiwanie do\u00a0niej dost\u0119pu nie\u00a0powoduje zmian konfiguracyjnych w\u00a0urz\u0105dzeniu U\u017cytkownika i\u00a0oprogramowaniu na\u00a0nim zainstalowanym.Informacje zawarte w\u00a0plikach cookies uznawane s\u0105 za\u00a0dane osobowe jedynie w\u00a0powi\u0105zaniu z\u00a0innymi danymi osobowymi dost\u0119pnymi na\u00a0temat danego U\u017cytkownika. My\u00a0za\u00a0pomoc\u0105 plik\u00f3w cookies staramy\u00a0si\u0119 zbiera\u0107 o\u00a0U\u017cytkowniku jedynie anonimowe dane, s\u0142u\u017c\u0105ce do\u00a0wygody korzystania z\u00a0portalu oraz\u00a0minimalizacji uci\u0105\u017cliwo\u015bci reklam.<\/li>\n\n\n\n<li>RODZAJE I\u00a0CELE KORZYSTANIA Z\u00a0PLIK\u00d3W COOKIESKorzystamy z\u00a0plik\u00f3w cookies i\u00a0innych podobnych technologii w\u00a0celu rozpoznawania U\u017cytkownika podczas jego\u00a0wizyt w\u00a0naszym Serwisie, zapami\u0119tywania jego\u00a0preferencji oraz\u00a0wy\u015bwietlania mu odpowiednich, dostosowanych do\u00a0niego tre\u015bci. Dzi\u0119ki plikom cookies interakcje U\u017cytkownika z\u00a0nami s\u0105 szybsze i\u00a0bardziej skuteczne. Ponadto pliki cookies umo\u017cliwiaj\u0105 nam prezentowanie U\u017cytkownikowi dopasowanych do\u00a0niego tre\u015bci, bez\u00a0konieczno\u015bci przeprowadzania ankiet.W Serwisie wykorzystywane s\u0105 dwa rodzaje plik\u00f3w cookies:<ul><li>Cookies sesyjne \u2013 s\u0105 to\u00a0pliki tymczasowe, kt\u00f3re pozostaj\u0105 na\u00a0urz\u0105dzeniu U\u017cytkownika a\u017c do\u00a0opuszczenia przez niego Serwisu lub\u00a0wy\u0142\u0105czenia przegl\u0105darki internetowej. W\u00a0takim przypadku informacje zapisane w\u00a0plikach cookies sesyjnych s\u0105 automatycznie usuwane.<\/li><li>Cookies sta\u0142e (permanentne) \u2013 s\u0105 to\u00a0pliki, kt\u00f3re pozostaj\u0105 na\u00a0urz\u0105dzeniu U\u017cytkownika przez okre\u015blony w\u00a0parametrach plik\u00f3w cookies okres lub\u00a0do\u00a0momentu ich\u00a0r\u0119cznego usuni\u0119cia.<\/li><\/ul>W obszarze Serwisu wykorzystywane s\u0105 r\u00f3wnie\u017c inne dost\u0119pne technologie, pozwalaj\u0105ce na\u00a0zapisywanie informacji w\u00a0przegl\u0105darce w\u00a0odpowiednich magazynach danych (Session Storage, Local Storage), a\u00a0tak\u017ce umieszczane s\u0105 w\u00a0fragmenty kod\u00f3w narz\u0119dzi analitycznych dostarczanych przez innych dostawc\u00f3w, kt\u00f3re umo\u017cliwiaj\u0105 zapisanie plik\u00f3w cookies w\u00a0domenach tych us\u0142ug.Poni\u017cej opisane zosta\u0142y poszczeg\u00f3lne kategorie cookies, kt\u00f3re s\u0105 wykorzystywane w\u00a0naszym Serwisie:<strong>Technick\u00e9 soubory cookie<\/strong>\u00a0\u2013 s\u0105 niezb\u0119dne, aby strona Serwisu mog\u0142a dzia\u0142a\u0107 prawid\u0142owo. Odnosz\u0105\u00a0si\u0119 one\u00a0do\u00a0funkcjonalno\u015bci naszych witryn internetowych i\u00a0pozwalaj\u0105 nam ulepszy\u0107 us\u0142ugi, kt\u00f3re oferujemy za\u00a0po\u015brednictwem naszych witryn internetowych, na\u00a0przyk\u0142ad poprzez\u00a0umo\u017cliwienie przenoszenia informacji mi\u0119dzy stronami naszej witryny internetowej, aby unikn\u0105\u0107 konieczno\u015bci ponownego wprowadzania informacji, lub\u00a0rozpoznaj\u0105c preferencje U\u017cytkownika po\u00a0powrocie na\u00a0stron\u0119 naszego Serwisu.Wykorzystujemy je w\u00a0celu:<ul><li>zaji\u0161t\u011bn\u00ed bezpe\u010dnosti;<\/li><li>zachovat relaci, kdy\u017e u\u017eivatel nav\u0161t\u00edv\u00ed sv\u016fj z\u00e1kaznick\u00fd \u00fa\u010det a p\u0159ihl\u00e1s\u00ed se k n\u011bmu;<\/li><li>zajistit, aby se webov\u00e9 str\u00e1nky zobrazovaly spr\u00e1vn\u011b - v z\u00e1vislosti na tom, jak\u00e9 za\u0159\u00edzen\u00ed u\u017eivatel pou\u017e\u00edv\u00e1;<\/li><li>p\u0159izp\u016fsobit na\u0161e slu\u017eby va\u0161im volb\u00e1m;<\/li><li>zapamatovat si, zda u\u017eivatel souhlas\u00ed se zobrazen\u00edm ur\u010dit\u00e9ho obsahu.<\/li><\/ul><strong>Analytick\u00e9 soubory cookie<\/strong>\u00a0\u2013 pozwalaj\u0105 nam rozpozna\u0107 i\u00a0policzy\u0107 liczb\u0119 U\u017cytkownik\u00f3w odwiedzaj\u0105cych nasz\u00a0Serwis, zobaczy\u0107, w\u00a0jaki spos\u00f3b odwiedzaj\u0105cy poruszaj\u0105\u00a0si\u0119 po\u00a0Serwisie, gdy z\u00a0niego korzystaj\u0105 oraz\u00a0rejestrowa\u0107, kt\u00f3re tre\u015bci przegl\u0105daj\u0105 i\u00a0kt\u00f3rymi s\u0105 zainteresowani. Pomaga nam to\u00a0okre\u015bli\u0107, jak cz\u0119sto strony i\u00a0reklamy s\u0105 odwiedzane oraz\u00a0kt\u00f3re obszary naszego Serwisu s\u0105 najpopularniejsze. Umo\u017cliwia nam to\u00a0ulepszanie oferowanych us\u0142ug, sprawiaj\u0105c \u017ce nasi U\u017cytkownicy znajduj\u0105 informacje, kt\u00f3rych szukaj\u0105. S\u0105 one\u00a0r\u00f3wnie\u017c niezb\u0119dne,\u00a0aby\u00a0rozlicza\u0107\u00a0si\u0119 z\u00a0naszymi Zaufanymi Partnerami, mierzy\u0107 efektywno\u015b\u0107 naszych dzia\u0142a\u0144 marketingowych bez\u00a0identyfikacji danych osobowych.Wykorzystujemy je w\u00a0celu:<ul><li>zkoum\u00e1n\u00ed statistik n\u00e1v\u0161t\u011bvnosti webov\u00fdch str\u00e1nek a kontrola zdroje n\u00e1v\u0161t\u011bvnosti (sm\u011bry p\u0159esm\u011brov\u00e1n\u00ed);<\/li><li>wykrywania r\u00f3\u017cnego rodzaju nadu\u017cy\u0107 np. sztuczny ruch internetowy (boty), ataki ddos;<\/li><li>omezen\u00ed ne\u017e\u00e1douc\u00edch marketingov\u00fdch aktivit;<\/li><li>mierzenia skuteczno\u015bci akcji marketingowych prowadzonych na\u00a0rzecz Serwisu, np. w\u00a0sieci reklamowej Google, w\u00a0programach partnerskich, na\u00a0zewn\u0119trznych stronach internetowych;<\/li><li>rozliczania\u00a0si\u0119 z\u00a0Zaufanymi Partnerami za\u00a0us\u0142ugi reklamowe w\u00a0oparciu o\u00a0aktywno\u015b\u0107 u\u017cytkownika np. klikni\u0119cia.<\/li><\/ul>Cookies marketingowe\u00a0\u2013 s\u0105 u\u017cywane, gdy U\u017cytkownik wyrazi na\u00a0to\u00a0zgod\u0119 i\u00a0tylko\u00a0wtedy gdy zastosowane przez nasz\u00a0Serwis funkcjonalno\u015bci oraz\u00a0formy reklamy tego wymagaj\u0105.Wykorzystujemy je w\u00a0celu:<ul><li>wy\u015bwietlania reklam, kt\u00f3re s\u0105 istotne i\u00a0interesuj\u0105ce dla konkretnego u\u017cytkownika. Dotycz\u0105 profilowania reklam wy\u015bwietlanych zar\u00f3wno na\u00a0zewn\u0119trznych serwisach internetowych, jak i\u00a0na\u00a0stronie naszego Serwisu, stosownie do\u00a0preferencji u\u017cytkownik\u00f3w w\u00a0zakresie wyboru towar\u00f3w, na\u00a0podstawie danych posiadanych przez Serwis, w\u00a0tym zachowania u\u017cytkownik\u00f3w w\u00a0Serwisie.\u00a0<\/li><\/ul>Wchodz\u0105c na\u00a0stron\u0119 Serwisu, U\u017cytkownik mo\u017ce nie\u00a0zgodzi\u0107\u00a0si\u0119 na\u00a0korzystanie z\u00a0plik\u00f3w cookies analitycznych i\u00a0marketingowych. W\u00f3wczas nie\u00a0b\u0119dziemy mogli prowadzi\u0107 szczeg\u00f3\u0142owych statystyk oraz\u00a0dostosowywa\u0107 naszych reklam w\u00a0oparciu o\u00a0informacje zebrane w\u00a0naszym Serwisie. Nadal jednak b\u0119d\u0105 wy\u015bwietlane reklamy o\u00a0charakterze og\u00f3lnym zar\u00f3wno na\u00a0stronie Serwisu, jak i\u00a0na\u00a0innych serwisach internetowych.Do emisji reklam w\u00a0Internecie, a\u00a0tak\u017ce w\u00a0zakresie innych narz\u0119dzi takich jak Google reCAPTCHA (narz\u0119dzie do\u00a0ochrony przed spamem), wykorzystujemy technologie dostarczane przez firmy Google i\u00a0Meta (Facebook), dlatego zwr\u00f3\u0107 uwag\u0119, czy\u00a0wyra\u017casz zgod\u0119 na\u00a0stosowanie tych narz\u0119dzi, w\u00a0tym profilowanie reklam w\u00a0Internecie i\u00a0na\u00a0Facebooku. Mo\u017cesz sprawdzi\u0107 oraz\u00a0zarz\u0105dza\u0107 swoimi ustawieniami prywatno\u015bci i\u00a0bezpiecze\u0144stwa na\u00a0koncie Google, korzystaj\u0105c z\u00a0linku g.co\/privacytools. Wi\u0119cej informacji na\u00a0temat polityki prywatno\u015bci Google, technologii stosowanych przez Google oraz\u00a0warunk\u00f3w korzystania z\u00a0us\u0142ug Google znajdziesz na\u00a0stronie https:\/\/policies.google.com\/privacy?hl=pl#infochoices. Informacje na\u00a0temat zasad ochrony prywatno\u015bci stosowanych przez firm\u0119 Meta (Facebook) oraz\u00a0zarz\u0105dzania ustawieniami prywatno\u015bci s\u0105 dost\u0119pne na\u00a0stronie https:\/\/pl-pl.facebook.com\/privacy\/explanation\/.Bardziej szczeg\u00f3\u0142owe informacje o\u00a0u\u017cywanych przez nas plikach cookie, czasie przechowywania oraz\u00a0aktualnej li\u015bcie zewn\u0119trznych firm, z\u00a0kt\u00f3rych us\u0142ug korzystamy lub\u00a0kt\u00f3rych technologie umieszczamy w\u00a0naszym Serwisie, znajdziesz w\u00a0<a href=\"https:\/\/rotor-vent.com\/cs\/tabela-cookies\/\" target=\"_blank\" rel=\"noreferrer noopener\">Tabulka soubor\u016f cookie<\/a>.<\/li>\n\n\n\n<li>WY\u0141\u0104CZENIE OBS\u0141UGI PLIK\u00d3W COOKIESPrzegl\u0105darki internetowe domy\u015blnie dopuszczaj\u0105 przechowywanie plik\u00f3w cookies. Je\u015bli U\u017cytkownik nie\u00a0chce otrzymywa\u0107 plik\u00f3w cookies, mo\u017ce zmieni\u0107 ustawienia swojej przegl\u0105darki na\u00a0komputerze lub\u00a0innym urz\u0105dzeniu, z\u00a0kt\u00f3rego korzysta w\u00a0celu dost\u0119pu do\u00a0naszego Serwisu. Dalsze korzystanie przez U\u017cytkownika z\u00a0naszego Serwisu bez\u00a0zmiany ustawie\u0144 oznacza, \u017ce U\u017cytkownik zgadza\u00a0si\u0119 na\u00a0otrzymywanie plik\u00f3w cookies technicznych w\u00a0naszym Serwisie, kt\u00f3re jak wskazali\u015bmy s\u0105 dla nas niezb\u0119dne do\u00a0prawid\u0142owego funkcjonowania strony Serwisu.Wi\u0119kszo\u015b\u0107 przegl\u0105darek internetowych posiada funkcj\u0119, kt\u00f3ra pozwala U\u017cytkownikowi przegl\u0105da\u0107 i\u00a0usuwa\u0107 pliki cookie, w\u00a0tym pliki cookie w\u00a0naszym serwisie. Jednak\u017ce podkre\u015bli\u0107 nale\u017cy, \u017ce brak mo\u017cliwo\u015bci zapisywania lub\u00a0odczytywania plik\u00f3w cookies przez stron\u0119 internetow\u0105 naszego Serwisu mo\u017ce uniemo\u017cliwi\u0107 pe\u0142ne i\u00a0poprawne korzystanie z\u00a0naszego Serwisu.Je\u017celi U\u017cytkownik u\u017cywa r\u00f3\u017cnych urz\u0105dze\u0144 do\u00a0uzyskania dost\u0119pu do\u00a0naszego Serwisu oraz\u00a0jego\u00a0przegl\u0105dania (np. komputera, smartfona, tabletu), powinien upewni\u0107 si\u0119, \u017ce ka\u017cda przegl\u0105darka na\u00a0ka\u017cdym urz\u0105dzeniu dostosowana jest do\u00a0preferencji zwi\u0105zanych z\u00a0plikami cookies.Spos\u00f3b wy\u0142\u0105czenia obs\u0142ugi plik\u00f3w cookies zale\u017cy od\u00a0przegl\u0105darki, z\u00a0kt\u00f3rej U\u017cytkownik korzysta. Poni\u017cej wskazany zosta\u0142 spos\u00f3b, w\u00a0jaki U\u017cytkownik mo\u017ce wy\u0142\u0105czy\u0107 obs\u0142ug\u0119 plik\u00f3w cookies w\u00a0przegl\u0105darce Google Chrome, Firefox, Safari, Opera oraz\u00a0Internet Explorer.\n<ol class=\"wp-block-list\">\n<li><strong>Zak\u00e1z\u00e1n\u00ed soubor\u016f cookie v prohl\u00ed\u017ee\u010di Google Chrome<\/strong><ol><li>W prawy g\u00f3rnym rogu przy pasku adresu przegl\u0105darki Google Chrome wybierz trzy kropki pionowe.<\/li><li>W sekcji\u00a0<em>Zabezpe\u010den\u00ed soukrom\u00ed<\/em>\u00a0klikn\u011bte na tla\u010d\u00edtko\u00a0<em>Obsah<\/em>.<\/li><li>W sekcji\u00a0<em>Soubory cookie a \u00fadaje o str\u00e1nce<\/em>\u00a0M\u016f\u017eete zm\u011bnit n\u00e1sleduj\u00edc\u00ed nastaven\u00ed soubor\u016f cookie:<ul><li><em>Blokovat v\u0161echny soubory cookie<\/em><\/li><li><em>Blokov\u00e1n\u00ed soubor\u016f cookie t\u0159et\u00edch stran<\/em><\/li><\/ul><\/li><\/ol>Dal\u0161\u00ed informace o nastaven\u00ed prohl\u00ed\u017ee\u010de Google Chrome:<a href=\"https:\/\/support.google.com\/chrome\/#topic=7438008\" target=\"_blank\" rel=\"noreferrer noopener\">https:\/\/support.google.com\/chrome\/#topic=7438008<\/a><\/li>\n\n\n\n<li><strong>Zak\u00e1z\u00e1n\u00ed soubor\u016f cookie ve Firefoxu<\/strong><ol><li>W prawym g\u00f3rnym rogu okna przegl\u0105darki Firefox kliknij\u00a0<em>Otev\u0159\u00edt nab\u00eddku<\/em>\u00a0(t\u0159i vodorovn\u00e9 \u010d\u00e1rky) a vyberte\u00a0<em>Nastaven\u00ed<\/em>.<\/li><li>Pak z odd\u00edlu\u00a0<em>Ochrana soukrom\u00ed a zabezpe\u010den\u00ed<\/em>\u00a0vyberte kartu Soubory cookie a \u00fadaje o webu.<\/li><li>Zvolte p\u0159\u00edslu\u0161nou \u00farove\u0148 zabezpe\u010den\u00ed nebo si nakonfigurujte svou vlastn\u00ed v\u00fdb\u011brem prvk\u016f a skript\u016f, kter\u00e9 chcete blokovat -\u00a0<em>cookies<\/em>:<ul><li><em>V\u0161e z extern\u00edch str\u00e1nek<\/em><\/li><li><em>V\u0161echny<\/em><\/li><\/ul><\/li><\/ol>Dal\u0161\u00ed informace o nastaven\u00ed prohl\u00ed\u017ee\u010de Firefox:<a href=\"https:\/\/support.mozilla.org\/pl\/kb\/W%C5%82%C4%85czanie%20i%20wy%C5%82%C4%85czanie%20obs%C5%82ugi%20ciasteczek\" target=\"_blank\" rel=\"noreferrer noopener\">https:\/\/support.mozilla.org\/pl\/kb\/W%C5%82%C4%85czanie%20i%20wy%C5%82%C4%85czanie%20obs%C5%82ugi%20ciasteczek<\/a><\/li>\n\n\n\n<li><strong>Zak\u00e1z\u00e1n\u00ed soubor\u016f cookie v prohl\u00ed\u017ee\u010di Safari<\/strong>Vyberte p\u0159\u00edkaz nab\u00eddky\u00a0<em>Safari &gt; P\u0159edvolby<\/em>, klikn\u011bte na\u00a0<em>Ochrana osobn\u00edch \u00fadaj\u016f<\/em>, a pot\u00e9 prove\u010fte n\u011bkterou z n\u00e1sleduj\u00edc\u00edch akc\u00ed:<ul><li><em>Blokovat v\u0161echny soubory cookie<\/em><\/li><li><em>Zabr\u00e1n\u011bn\u00ed sledov\u00e1n\u00ed mimo lokalitu<\/em><\/li><\/ul>Dal\u0161\u00ed informace o nastaven\u00ed prohl\u00ed\u017ee\u010de Safari:<a href=\"https:\/\/support.apple.com\/kb\/PH19214?viewlocale=pl_PL&amp;locale=pl_PL\" target=\"_blank\" rel=\"noreferrer noopener\">https:\/\/support.apple.com\/kb\/PH19214?viewlocale=pl_PL&amp;locale=pl_PL<\/a><\/li>\n\n\n\n<li><strong>Deaktivace soubor\u016f cookie v prohl\u00ed\u017ee\u010di Opera<\/strong><ol><li>W prawy g\u00f3rnym rogu przy pasku adresu przegl\u0105darki Opera wybierz trzy linie poziome.<\/li><li>Klikn\u011bte na mo\u017enost p\u0159ej\u00edt na \u00fapln\u00e9 nastaven\u00ed prohl\u00ed\u017ee\u010de.<\/li><li>W sekcji\u00a0<em>Zabezpe\u010den\u00ed soukrom\u00ed<\/em>\u00a0klikn\u011bte na tla\u010d\u00edtko\u00a0<em>Soubory cookie a dal\u0161\u00ed \u00fadaje o webov\u00fdch str\u00e1nk\u00e1ch<\/em>.<\/li><li>M\u016f\u017eete zm\u011bnit n\u00e1sleduj\u00edc\u00ed nastaven\u00ed soubor\u016f cookie:<ul><li><em>Blokovat v\u0161echny soubory cookie<\/em><\/li><li><em>Blokov\u00e1n\u00ed soubor\u016f cookie t\u0159et\u00edch stran<\/em><\/li><\/ul><\/li><\/ol>Dal\u0161\u00ed informace o nastaven\u00ed prohl\u00ed\u017ee\u010de Opera:<a href=\"http:\/\/help.opera.com\/Windows\/12.10\/pl\/cookies.html\" target=\"_blank\" rel=\"noreferrer noopener\">http:\/\/help.opera.com\/Windows\/12.10\/pl\/cookies.html<\/a><\/li>\n\n\n\n<li><strong>Zak\u00e1z\u00e1n\u00ed soubor\u016f cookie v prohl\u00ed\u017ee\u010di Edge<\/strong><ol><li>W prawy g\u00f3rnym rogu przy pasku adresu przegl\u0105darki Edge wybierz trzy kropki poziome.<\/li><li>Klikn\u011bte na\u00a0<em>Nastaven\u00ed<\/em>.<\/li><li>W sekcji\u00a0<em>Soubory cookie a opr\u00e1vn\u011bn\u00ed k webov\u00fdm str\u00e1nk\u00e1m<\/em>\u00a0klikn\u011bte na\u00a0<em>Spr\u00e1va a maz\u00e1n\u00ed soubor\u016f cookie a dat webu<\/em>.<\/li><li>M\u016f\u017eete zm\u011bnit n\u00e1sleduj\u00edc\u00ed nastaven\u00ed soubor\u016f cookie:<ul><li><em>Blok<\/em><\/li><li><em>Blokov\u00e1n\u00ed soubor\u016f cookie t\u0159et\u00edch stran<\/em><\/li><\/ul><\/li><\/ol>Dal\u0161\u00ed informace o nastaven\u00ed prohl\u00ed\u017ee\u010de Edge:<a href=\"https:\/\/support.microsoft.com\/pl-pl\/microsoft-edge\" target=\"_blank\" rel=\"noreferrer noopener\">https:\/\/support.microsoft.com\/pl-pl\/microsoft-edge<\/a><\/li>\n<\/ol>\n<\/li>\n\n\n\n<li>KONTAKTN\u00cd INFORMACE<br>W razie jakichkolwiek w\u0105tpliwo\u015bci zwi\u0105zanych z\u00a0kwestiami niniejszej Polityki Cookies lub\u00a0w\u00a0celu uzyskania informacji dotycz\u0105cych niniejszej Polityki Cookies U\u017cytkownik mo\u017ce skontaktowa\u0107\u00a0si\u0119 z\u00a0Administratorem za\u00a0po\u015brednictwem wiadomo\u015bci e-mail\u00a0<strong><a href=\"mailto:justyna_tur@wp.pl\">justyna_tur@wp.pl<\/a><\/strong>\u00a0a po\u0161tou na adresu spr\u00e1vce.<\/li>\n<\/ol>","protected":false},"excerpt":{"rendered":"<p>Korzystamy z&nbsp;plik\u00f3w cookies w&nbsp;celu poprawienia efektywno\u015bci i&nbsp;zaproponowania U\u017cytkownikowi coraz doskonalszych funkcjonalno\u015bci serwisu internetowego&nbsp;www.rotor-vent.com&nbsp;(dalej jako Serwis) oraz&nbsp;bardziej dopasowanych do&nbsp;U\u017cytkownika tre\u015bci. W&nbsp;celu zapewnienia przejrzysto\u015bci dzia\u0142a\u0144 zostaje przyj\u0119ta niniejsza Polityka Cookies, kt\u00f3ra okre\u015bla szczeg\u00f3\u0142owe zasady korzystania przez Serwis internetowy z&nbsp;plik\u00f3w cookies. Dane za&nbsp;pomoc\u0105 plik\u00f3w cookies gromadzone s\u0105 przez&nbsp;&#8222;ROTOR-VENT&#8221; SP\u00d3\u0141KA Z&nbsp;OGRANICZON\u0104 ODPOWIEDZIALNO\u015aCI\u0104, adres&nbsp;Batalion\u00f3w Ch\u0142opskich 8, 83-000&nbsp;Pruszcz Gda\u0144ski, numer NIP:&nbsp;6040200576, [&hellip;]<\/p>","protected":false},"author":1,"featured_media":0,"parent":0,"menu_order":0,"comment_status":"closed","ping_status":"closed","template":"","meta":{"_acf_changed":false,"footnotes":""},"class_list":["post-437","page","type-page","status-publish","hentry"],"acf":[],"_links":{"self":[{"href":"https:\/\/rotor-vent.com\/cs\/wp-json\/wp\/v2\/pages\/437","targetHints":{"allow":["GET"]}}],"collection":[{"href":"https:\/\/rotor-vent.com\/cs\/wp-json\/wp\/v2\/pages"}],"about":[{"href":"https:\/\/rotor-vent.com\/cs\/wp-json\/wp\/v2\/types\/page"}],"author":[{"embeddable":true,"href":"https:\/\/rotor-vent.com\/cs\/wp-json\/wp\/v2\/users\/1"}],"replies":[{"embeddable":true,"href":"https:\/\/rotor-vent.com\/cs\/wp-json\/wp\/v2\/comments?post=437"}],"version-history":[{"count":2,"href":"https:\/\/rotor-vent.com\/cs\/wp-json\/wp\/v2\/pages\/437\/revisions"}],"predecessor-version":[{"id":439,"href":"https:\/\/rotor-vent.com\/cs\/wp-json\/wp\/v2\/pages\/437\/revisions\/439"}],"wp:attachment":[{"href":"https:\/\/rotor-vent.com\/cs\/wp-json\/wp\/v2\/media?parent=437"}],"curies":[{"name":"wp","href":"https:\/\/api.w.org\/{rel}","templated":true}]}}